{"id":10,"date":"2016-07-22T12:41:03","date_gmt":"2016-07-22T12:41:03","guid":{"rendered":"http:\/\/cello-deutschland.com\/?page_id=10"},"modified":"2020-04-16T15:57:24","modified_gmt":"2020-04-16T13:57:24","slug":"ausstellung","status":"publish","type":"page","link":"https:\/\/cello-deutschland.com\/en\/ausstellung\/","title":{"rendered":"Exhibitions"},"content":{"rendered":"\n<p><\/p>\n\n\n\n<h1 class=\"wp-block-heading\">Exhibitions 2017<\/h1>\n\n\n\n<ul class=\"wp-block-list\"><li>05. &#8211; 08. April:&nbsp;<a href=\"http:\/\/musik.messefrankfurt.com\/frankfurt\/de\/besucher\/ausstellersuche.exhibitordetails.html\/pirastro-gmbh.html\" target=\"_blank\" rel=\"noopener noreferrer\">Internationale Musikmesse Frankfurt &#8211;&nbsp; Theis Celli bei Musiksaitenhersteller PIRASTRO&nbsp;<\/a><\/li><li>08. &#8211; 10.&nbsp;Mai: <a href=\"http:\/\/www.mdw.ac.at\/\" target=\"_blank\" rel=\"noopener noreferrer\">Hochschule f\u00fcr Musik und darstellende Kunst &#8211; Wien<\/a><\/li><li>22. &#8211; 24. Mai: <a href=\"http:\/\/www.hfmdk-frankfurt.info\/\" target=\"_blank\" rel=\"noopener noreferrer\">Hochschule f\u00fcr Musik und darstellende Kunst &#8211; Frankfurt<\/a><\/li><li>28. &#8211; 03. September\/Oktober: <a href=\"http:\/\/www.kronbergacademy.de\/\" target=\"_blank\" rel=\"noopener noreferrer\">Kronberg Cello Academy, Cello Meisterkurse &amp; Konzerte.<\/a><\/li><li>31.&nbsp;Oktober &#8211; 05. November: <a href=\"http:\/\/www.cello-akademie-rutesheim.de\/\" target=\"_blank\" rel=\"noopener noreferrer\">bei den&nbsp;Internationale Meisterkursen und Konzerten f\u00fcr Violoncello&nbsp;an der Cello Akademie Rutesheim e.V.&nbsp;<\/a><\/li><\/ul>\n\n\n\n<h1 class=\"has-text-align-left wp-block-heading\">Exhibitions 2016<\/h1>\n\n\n\n<ul class=\"wp-block-list\"><li>05. &#8211; 08. April:&nbsp;<a href=\"http:\/\/musik.messefrankfurt.com\/frankfurt\/de\/besucher\/ausstellersuche.exhibitordetails.html\/pirastro-gmbh.html\" target=\"_blank\" rel=\"noopener noreferrer\">Internationale Musikmesse Frankfurt &#8211; Ausstellung mit Theis Celli bei Musiksaitenhersteller PIRASTRO&nbsp;<\/a><\/li><li>08. &#8211; 10.&nbsp;Mai: <a href=\"http:\/\/www.mdw.ac.at\/\" target=\"_blank\" rel=\"noopener noreferrer\">Hochschule f\u00fcr Musik und darstellende Kunst &#8211; Wien<\/a><\/li><li>27. &#8211; 29. Mai: <a href=\"http:\/\/www.hfmdk-frankfurt.info\/\" target=\"_blank\" rel=\"noopener noreferrer\">Hochschule f\u00fcr Musik und darstellende Kunst &#8211; Frankfurt<\/a><\/li><li>21. &#8211; 28.&nbsp;September: <a href=\"http:\/\/www.kronbergacademy.de\/\" target=\"_blank\" rel=\"noopener noreferrer\">Kronberg Cello Academy, Cello Meisterkurse &amp; Konzerte.<\/a><\/li><li>16. &#8211; 25. Oktober: &nbsp;<a href=\"http:\/\/www.amsterdamsecellobiennale.nl\/\" target=\"_blank\" rel=\"noopener noreferrer\">bei den&nbsp;Internationale Meisterkursen und Konzerten f\u00fcr Violincello&nbsp;bei der Cello Biennale in Amsterdam&nbsp;<\/a><\/li><li>17.-19. Oktober: <a href=\"https:\/\/www.kug.ac.at\/kunstuniversitaet-graz.html\">Musikhochschule Graz<\/a><\/li><li>31.&nbsp;Oktober &#8211; 05. November: <a href=\"http:\/\/www.cello-akademie-rutesheim.de\/\" target=\"_blank\" rel=\"noopener noreferrer\">bei den&nbsp;Internationale Meisterkursen und Konzerten f\u00fcr Violoncello&nbsp;an der Cello Akademie Rutesheim e.V.&nbsp;<\/a><\/li><li>08. &#8211; 10. November: <a href=\"http:\/\/www.mh-stuttgart.de\/\" target=\"_blank\" rel=\"noopener noreferrer\">Musikhochschule Stuttgart<\/a><\/li><li>14. &#8211; 16. November: <a href=\"http:\/\/www.muho-mannheim.de\/\" target=\"_blank\" rel=\"noopener noreferrer\">Musikhochschule Mannheim<\/a><\/li><li>29. November 01. Dezember: <a href=\"http:\/\/www.hfmdd.de\/\">Musikhochschule Dresde<strong>n<\/strong><\/a><\/li><\/ul>\n\n\n\n<h1 class=\"wp-block-heading\">Exhibitions 2015<\/h1>\n\n\n\n<ul class=\"wp-block-list\"><li>14. &#8211; 18. April:&nbsp;<a href=\"http:\/\/musik.messefrankfurt.com\/frankfurt\/de\/besucher\/ausstellersuche.exhibitordetails.html\/pirastro-gmbh.html\" target=\"_blank\" rel=\"noopener noreferrer\">Internationale Musikmesse Frankfurt &#8211; Ausstellung mit Theis Celli bei Musiksaitenhersteller PIRASTRO&nbsp;<\/a><\/li><li>28. &#8211; 30. April: <a href=\"https:\/\/www.kug.ac.at\/kunstuniversitaet-graz.html\">Musikhochschule Graz<\/a><\/li><li>04. &#8211; 06. Mai: <a href=\"http:\/\/www.mdw.ac.at\/\" target=\"_blank\" rel=\"noopener noreferrer\">Hochschule f\u00fcr Musik und darstellende Kunst &#8211; Wien<\/a><\/li><li>26. &#8211; 28. Mai: <a href=\"http:\/\/www.hfmdk-frankfurt.info\/\" target=\"_blank\" rel=\"noopener noreferrer\">Hochschule f\u00fcr Musik und darstellende Kunst &#8211; Frankfurt<\/a><\/li><li>28. September&nbsp;-05. Oktober:&nbsp;<a href=\"http:\/\/www.kronbergacademy.de\/\" target=\"_blank\" rel=\"noopener noreferrer\"> Kronberg Cello Academy, Cello Festival 2015 &amp; Konzerte.<\/a><\/li><li>27.&nbsp;Oktober &#8211; 02. November: <a href=\"http:\/\/www.cello-akademie-rutesheim.de\/\" target=\"_blank\" rel=\"noopener noreferrer\">bei den&nbsp;Internationale Meisterkursen und Konzerten f\u00fcr Violoncello&nbsp;an der Cello Akademie Rutesheim e.V.&nbsp;<\/a><\/li><li>&nbsp;20. &#8211; 22. Oktober: <a href=\"http:\/\/www.mh-stuttgart.de\/\" target=\"_blank\" rel=\"noopener noreferrer\">Musikhochschule Stuttgart<\/a><\/li><li>04. &#8211; 06. November: <a href=\"http:\/\/www.muho-mannheim.de\/\" target=\"_blank\" rel=\"noopener noreferrer\">Musikhochschule Mannheim<\/a><\/li><li>10.-12. November: <a href=\"http:\/\/www.hfmdd.de\/\">Musikhochschule Dresde<strong>n<\/strong><\/a><\/li><\/ul>\n\n\n\n<h1 class=\"wp-block-heading\">Exhibitions 2014<\/h1>\n\n\n\n<ul class=\"wp-block-list\"><li style=\"text-align: left;\">15. &#8211; 18. April:&nbsp;<a href=\"http:\/\/musik.messefrankfurt.com\/frankfurt\/de\/besucher\/ausstellersuche.exhibitordetails.html\/pirastro-gmbh.html\" target=\"_blank\" rel=\"noopener noreferrer\">Internationale Musikmesse Frankfurt &#8211; Ausstellung mit Musiksaitenhersteller PIRASTRO<\/a><\/li><li>08. &#8211; 10.&nbsp;Mai: <a href=\"http:\/\/www.mdw.ac.at\/\" target=\"_blank\" rel=\"noopener noreferrer\">Hochschule f\u00fcr Musik und darstellende Kunst &#8211; Wien<\/a><\/li><li>27. &#8211; 29. Mai: <a href=\"http:\/\/www.hfmdk-frankfurt.info\/\" target=\"_blank\" rel=\"noopener noreferrer\">Hochschule f\u00fcr Musik und darstellende Kunst &#8211; Frankfurt<\/a><\/li><li>21. &#8211; 28.&nbsp;September: <a href=\"http:\/\/www.kronbergacademy.de\/\" target=\"_blank\" rel=\"noopener noreferrer\">Kronberg Cello Academy, Cello Meisterkurse &amp; Konzerte.<\/a><\/li><li>16. &#8211; 25. Oktober: &nbsp;<a href=\"http:\/\/www.amsterdamsecellobiennale.nl\/\" target=\"_blank\" rel=\"noopener noreferrer\">bei den&nbsp;Internationale Meisterkursen und Konzerten f\u00fcr Violincello&nbsp;bei der Cello Biennale in Amsterdam&nbsp;<\/a><\/li><li>26.&nbsp;Oktober &#8211; 01. November: <a href=\"http:\/\/www.cello-akademie-rutesheim.de\/\" target=\"_blank\" rel=\"noopener noreferrer\">bei den&nbsp;Internationale Meisterkursen und Konzerten f\u00fcr Violoncello&nbsp;an der Cello Akademie Rutesheim e.V.&nbsp;<\/a><\/li><li>&nbsp;05. &#8211; 07. November: <a href=\"http:\/\/www.mh-stuttgart.de\/\" target=\"_blank\" rel=\"noopener noreferrer\">Musikhochschule Stuttgart<\/a><\/li><li>11. &#8211; 13. November: <a href=\"http:\/\/www.muho-mannheim.de\/\" target=\"_blank\" rel=\"noopener noreferrer\">Musikhochschule Mannheim<\/a><\/li><\/ul>\n\n\n\n<h1 class=\"wp-block-heading\">Exhibitions 2013<\/h1>\n\n\n\n<ul class=\"wp-block-list\"><li>23. &#8211; 25. April: <a href=\"http:\/\/www.moz.ac.at\/de\/\" target=\"_blank\" rel=\"noopener noreferrer\">Universit\u00e4t Mozarteum Salzburg&nbsp;<\/a><\/li><li>06. &#8211; 08. Mai: <a href=\"http:\/\/www.mdw.ac.at\/\" target=\"_blank\" rel=\"noopener noreferrer\">Hochschule f\u00fcr Musik und darstellende Kunst &#8211; Wien<\/a><\/li><li>28. &#8211; 30. Mai: <a href=\"http:\/\/www.hfmdk-frankfurt.info\/\" target=\"_blank\" rel=\"noopener noreferrer\">Hochschule f\u00fcr Musik und darstellende Kunst &#8211; Frankfurt<\/a><\/li><li>11. &#8211; 13. Juni: <a href=\"http:\/\/www.hfm-wuerzburg.de\/\" target=\"_blank\" rel=\"noopener noreferrer\">Hochschule f\u00fcr Musik W\u00fcrzburg<\/a><\/li><li>28. September&nbsp;-05. Oktober: <a href=\"http:\/\/www.kronbergacademy.de\/\" target=\"_blank\" rel=\"noopener noreferrer\">20 Jahre Kronberg Academy, Festival 2013&nbsp;`Cello Plus`.<\/a><\/li><li>22. &#8211; 24. Oktober:&nbsp;<a href=\"http:\/\/www.hmt-leipzig.de\/\" target=\"_blank\" rel=\"noopener noreferrer\">Musikhochschule Leipzig<\/a><\/li><li>27.&nbsp;Oktober &#8211; 02. November: <a href=\"http:\/\/www.cello-akademie-rutesheim.de\/\" target=\"_blank\" rel=\"noopener noreferrer\">bei den&nbsp;Internationale Meisterkursen und Konzerten f\u00fcr Violoncello&nbsp;an der Cello Akademie Rutesheim e.V.&nbsp;<\/a><\/li><li>&nbsp;05. &#8211; 07. November: <a href=\"http:\/\/www.mh-stuttgart.de\/\" target=\"_blank\" rel=\"noopener noreferrer\">Musikhochschule Stuttgart<\/a><\/li><li>11. &#8211; 13. November: <a href=\"http:\/\/www.muho-mannheim.de\/\" target=\"_blank\" rel=\"noopener noreferrer\">Musikhochschule Mannheim<\/a><\/li><li>26. &#8211; 28. November: Musikhochschule&nbsp;Zagreb<\/li><\/ul>\n\n\n\n<h1 class=\"wp-block-heading\">Exhibitions&nbsp;2012<span style=\"font-size: 18px;\">&nbsp;<\/span><\/h1>\n\n\n\n<ul class=\"wp-block-list\"><li>26. &#8211; 28.&nbsp;November:&nbsp; <a href=\"http:\/\/www.hfm-berlin.de\/\" target=\"_blank\" rel=\"noopener noreferrer\">Musikhochschule Hanns Eisler Berlin<\/a><\/li><li>12. &#8211; 14. November: <a href=\"http:\/\/www.muho-mannheim.de\/\">Musikhochschule Mannheim<\/a><\/li><li>06. &#8211; 08. November: <a href=\"http:\/\/www.mh-stuttgart.de\/\" target=\"_blank\" rel=\"noopener noreferrer\">Musikhochschule Stuttgart<\/a><\/li><li>26. Oktober &#8211; 01. November: <a href=\"http:\/\/www.amsterdamsecellobiennale.nl\/\">Exhibtion of my new instruments at&nbsp; the&nbsp; internationale violoncello master-class and concert, Cello Biennale in Amsterdam&nbsp;<\/a><\/li><li>&nbsp;22. &#8211; 24. Oktober:&nbsp;<a href=\"http:\/\/www.hmt-leipzig.de\/\" target=\"_blank\" rel=\"noopener noreferrer\">Musikhochschule Leipzig<\/a><\/li><li>&nbsp;10. -16. September: <a href=\"http:\/\/www.kronbergacademy.de\/\">New instrument exhibition at the Stadthalle der&nbsp;Kronberg Academy this year&#8217;s cello master classes<\/a><\/li><li>&nbsp;27. Mai &#8211; 02. Juni: <a href=\"http:\/\/www.cello-akademie-rutesheim.de\/\" target=\"_blank\" rel=\"noopener noreferrer\">Exhibition of my new instruments at&nbsp; Internationale Cello Master Class and Concert,&nbsp; Cello Academy Rutesheim e.V.&nbsp;<\/a><\/li><li>&nbsp;23. &#8211; 25. Mai: <a href=\"http:\/\/www.hfmdk-frankfurt.info\/\" target=\"_blank\" rel=\"noopener noreferrer\">Hochschule f\u00fcr Musik und darstellende Kunst &#8211; Frankfurt<\/a><\/li><li>02. &#8211; 04. Mai: <a href=\"http:\/\/www.mdw.ac.at\/\" target=\"_blank\" rel=\"noopener noreferrer\">Hochschule f\u00fcr Musik und darstellende Kunst &#8211; Wien<\/a><\/li><li>28.-30. April: <a href=\"http:\/\/www.youth-classics.com\/Youth_Classics\/Masterclasses.html\">Master-classouth Classics Schloss Hallenburg<\/a><\/li><li>17. &#8211; 19. April: <a href=\"http:\/\/www.hfm-wuerzburg.de\/\">Hochschule f\u00fcr Musik W\u00fcrzburg<\/a><\/li><\/ul>\n\n\n\n<h1 class=\"has-text-align-left wp-block-heading\">&nbsp;Exhibitions 2011<\/h1>\n\n\n\n<ul class=\"wp-block-list\"><li>22. &#8211; 24. November: <a href=\"http:\/\/www.udk-berlin.de\/sites\/content\/themen\/aktuelles\/index_ger.html\">Universit\u00e4t der Kunste &#8211; Berlin<\/a><\/li><li>08. &#8211; 10. November: <a href=\"http:\/\/www.muho-mannheim.de\/\">Hochschule f\u00fcr Musik und darstellende Kunst &#8211; Mannheim<\/a><\/li><li>25. &#8211; 27. Oktober: <a href=\"http:\/\/www.hmt-leipzig.de\/index.php?struktur\">Hochschule f\u00fcr Musik und darstellende Kunst &#8211; Leipzig<\/a><a href=\"http:\/\/www.hmt-leipzig.de\/index.php?struktur\">&nbsp;<\/a><\/li><li>11. &#8211; 13. Oktober: <a href=\"http:\/\/www.mh-stuttgart.de\/\">Hochschule f\u00fcr Musik und darstellende Kunst &#8211; Stuttgart<\/a><\/li><li>29. September&nbsp;&#8211; 3. Oktober: <a target=\"_blank\" rel=\"noopener noreferrer\">Exhibition of my new instruments<\/a><a href=\"http:\/\/www.kronbergacademy.de\">, Kronberg Academy, Cello Festival 2011&nbsp;<\/a><\/li><li>25. &#8211; 27. Mai:&nbsp;&nbsp;&nbsp;<a href=\"http:\/\/www.hfmdk-frankfurt.info\/\" target=\"_blank\" rel=\"noopener noreferrer\">Hochschule f\u00fcr Musik und darstellende Kunst &#8211; Frankfurt<\/a><\/li><li>02. &#8211; 04. Mai: <a href=\"http:\/\/www.mdw.ac.at\/\" target=\"_blank\" rel=\"noopener noreferrer\">Hochschule f\u00fcr Musik und darstellende Kunst &#8211; Wien<\/a><\/li><li>21. &#8211; 26. April: <a href=\"http:\/\/www.cello-akademie-rutesheim.de\" target=\"_blank\" rel=\"noopener noreferrer\">Exhibition of my new instruments at&nbsp; Internationale Cello Master Class and Concert,&nbsp; Cello Academy Rutesheim e.V.&nbsp;<\/a><\/li><li>05. &#8211; 07. April: <a href=\"http:\/\/www.moz.ac.at\/de\/\">Universit\u00e4t Mozarteum Salzburg<\/a><\/li><\/ul>\n\n\n\n<h1 class=\"has-text-align-left wp-block-heading\">Exhibitions 2010<\/h1>\n\n\n\n<ul class=\"wp-block-list\"><li>05. &#8211; 13. November: <a href=\"http:\/\/www.amsterdamsecellobiennale.nl\">Exhibtion of my new instruments at&nbsp; the&nbsp; internationale violoncello master-class and concert, Cello Biennale in Amsterdam&nbsp;<\/a><\/li><li>09. &#8211; 11. November:&nbsp;<a href=\"http:\/\/www.hmt-leipzig.de\/\" target=\"_blank\" rel=\"noopener noreferrer\">Musikhochschule Leipzig<\/a><\/li><li>30. November &#8211; 02. Dezember: <a href=\"http:\/\/www.hfm-berlin.de\/\" target=\"_blank\" rel=\"noopener noreferrer\">Musikhochschule Hanns Eisler Berlin<\/a><\/li><li>19. &#8211; 21. Oktober: <a href=\"http:\/\/www.mh-stuttgart.de\/\" target=\"_blank\" rel=\"noopener noreferrer\">Musikhochschule Stuttgart<\/a><\/li><li>21. -28. September: <a href=\"http:\/\/www.kronbergacademy.de\">New instrument exhibition at the Stadthalle der&nbsp;Kronberg Academy this year&#8217;s cello master classes<\/a><\/li><li>30. Mai &#8211; 05. Juni: <a href=\"http:\/\/www.cello-akademie-rutesheim.de\" target=\"_blank\" rel=\"noopener noreferrer\">Exhibition of my new instruments at&nbsp; Internationale Cello Master Class and Concert,&nbsp; Cello Academy Rutesheim e.V.&nbsp;<\/a><\/li><li>26. &#8211; 28. Mai: <a href=\"http:\/\/www.hfmdk-frankfurt.info\/\" target=\"_blank\" rel=\"noopener noreferrer\">Hochschule f\u00fcr Musik und darstellende Kunst &#8211; Frankfurt<\/a><\/li><li>04. &#8211; 06. Mai: <a href=\"http:\/\/www.mdw.ac.at\/\" target=\"_blank\" rel=\"noopener noreferrer\">Hochschule f\u00fcr Musik und darstellende Kunst &#8211; Wien<\/a><\/li><li>20. &#8211; 22. April:<a href=\"http:\/\/www.moz.ac.at\/de\/\" target=\"_blank\" rel=\"noopener noreferrer\"> Universit\u00e4t Mozarteum Salzburg<\/a><\/li><li>27. Februar &#8211; 24. M\u00e4rz: <a href=\"http:\/\/www.cvmcologne.com\">My new instruments at the Contemprary <\/a><a href=\"http:\/\/www.cvmcologne.com\" target=\"_blank\" rel=\"noopener noreferrer\">Violin-makers Exhibition in Cologne, House of Cologne Crafts<\/a><\/li><\/ul>\n\n\n\n<h1 class=\"wp-block-heading\">Exhibitions 2009<\/h1>\n\n\n\n<ul class=\"wp-block-list\"><li>04. &#8211; 07.November: Ausstellung zeitgen\u00f6ssischer Streichinstrumente&nbsp;in der Musikhochschule &#8220;Hans Eisler&#8221; in Berlin<\/li><li>02. Oktober &#8211; 05. November: Ausstellung zeitgen\u00f6ssischer Streichinstrumente&nbsp; in der Musikhochschule in Detmold<\/li><li>03. &#8211; 06. September:&nbsp;&nbsp;Ausstellung zeitgen\u00f6ssischer Streichinstrumente&nbsp; in der Musikhochschule in Stuttgart<\/li><li>30. September &#8211; 4. Oktober: <a href=\"http:\/\/www.cello-akademie-rutesheim.de\/\" target=\"_blank\" rel=\"noopener noreferrer\">Exhibition of my new instruments<\/a><a href=\"http:\/\/www.kronbergacademy.de\">, Kronberg Academy, Cello Festival 2009<\/a><\/li><li>27. &#8211; 28. Mai: &nbsp;Ausstellung zeitgen\u00f6ssischer Streichinstrumente&nbsp;in der Musikhochschule Trossingen bei Stuttgart<\/li><li>05. &#8211; 23. Mai: &nbsp;Ausstellung zeitgen\u00f6ssischer Streichinstrumente&nbsp;in der Universit\u00e4t f\u00fcr Musik in Wien<\/li><li>21. &#8211; 23. April: &nbsp;Ausstellung zeitgen\u00f6ssischer Streichinstrumente&nbsp;in der Musikhochschule Mozarteum in Salzburg<\/li><li>13. &#8211; 18. April: <a href=\"http:\/\/www.cello-akademie-rutesheim.de\/\" target=\"_blank\" rel=\"noopener noreferrer\">Exhibition of my new instruments at&nbsp; Internationale Cello Master Class and Concert,&nbsp; Cello Academy Rutesheim e.V.<\/a><\/li><\/ul>\n\n\n\n<h1 class=\"wp-block-heading\">&nbsp;Exhibitions 2008<\/h1>\n\n\n\n<ul class=\"wp-block-list\"><li>1. Dezemberwoche: &nbsp;Ausstellung zeitgen\u00f6ssischer Streichinstrumente&nbsp;in der Musikhochschule &#8220;Hans Eisler&#8221; in Berlin<\/li><li>25. &#8211; 27. November: &nbsp;Ausstellung zeitgen\u00f6ssischer Streichinstrumente&nbsp;in der Musikhochschule in Detmold<\/li><li>04. &#8211; 05. November: &nbsp;Ausstellung zeitgen\u00f6ssischer Streichinstrumente&nbsp;n der Musikhochschule in K\u00f6ln<\/li><li>20. &#8211; 22. Oktober: &nbsp;Ausstellung zeitgen\u00f6ssischer Streichinstrumente&nbsp;in der Musikhochschule in Stuttgart<\/li><li>03. &#8211; 09. Oktober: <a href=\"http:\/\/www.kronbergacademy.de\/\">New instrument exhibition at the Stadthalle der&nbsp;Kronberg Academy this year&#8217;s cello master classes<\/a><\/li><li>05. &#8211; 07. Mai:&nbsp;&nbsp;Austellung zeitgen\u00f6ssischer Streichinstrumente&nbsp;in der Universit\u00e4t f\u00fcr Musik in Wien<\/li><li>22.- 24. April: &nbsp;Austellung zeitgen\u00f6ssischer Streichinstrumente&nbsp;in der Musikhochschule Mozarteum in Salzburg<\/li><\/ul>\n\n\n\n<h1 class=\"has-text-align-left wp-block-heading\">&nbsp;Exhibitions 2007<\/h1>\n\n\n\n<ul class=\"wp-block-list\"><li>3. Novemberwoche: &nbsp;Ausstellung neuer Meisterinstrumente&nbsp;in der Musikhochschule &#8220;Hans Eisler&#8221; Berlin<\/li><li>1. Novemberwoche: &nbsp;Ausstellung neuer Meisterinstrumente&nbsp;in der Musikhochschule Hamburg<\/li><li>24.- 26. Oktober: &nbsp;Ausstellung neuer Meisterinstrumente&nbsp;in der Musikhochschule K\u00f6ln<\/li><li>22.- 24. Oktober: &nbsp;Ausstellung neuer Meisterinstrumente&nbsp;in der Musikhochschule Stuttgart<\/li><li>2007: &nbsp;Cello Pr\u00e4sentation im Buch&nbsp;&#8220;Contemporary Violin Maker Volume 2&#8221;<\/li><li>22. &#8211; 24. November: <a href=\"http:\/\/www.udk-berlin.de\/sites\/content\/themen\/aktuelles\/index_ger.html\">Universit\u00e4t der K\u00fcnste &#8211; Berlin<\/a>4. Mai: Ausstellung neuer Meisterinstrumente&nbsp;im Sommertheater in Detmold<\/li><\/ul>\n","protected":false},"excerpt":{"rendered":"<p>Exhibitions 2017 05. &#8211; 08. April:&nbsp;Internationale Musikmesse Frankfurt &#8211;&nbsp; Theis Celli bei Musiksaitenhersteller PIRASTRO&nbsp; 08. &#8211; 10.&nbsp;Mai: Hochschule f\u00fcr Musik und darstellende Kunst &#8211; Wien 22. &#8211; 24. Mai: Hochschule f\u00fcr Musik und darstellende Kunst &#8211; Frankfurt 28. &#8211; 03. September\/Oktober: Kronberg Cello Academy, Cello Meisterkurse &amp; Konzerte. 31.&nbsp;Oktober &#8211; 05. November: bei den&nbsp;Internationale Meisterkursen [&hellip;]<\/p>\n","protected":false},"author":1,"featured_media":0,"parent":0,"menu_order":0,"comment_status":"closed","ping_status":"closed","template":"","meta":{"footnotes":""},"class_list":["post-10","page","type-page","status-publish","hentry"],"translation":{"provider":"WPGlobus","version":"3.0.2","language":"en","enabled_languages":["de","en"],"languages":{"de":{"title":true,"content":true,"excerpt":false},"en":{"title":true,"content":true,"excerpt":false}}},"_links":{"self":[{"href":"https:\/\/cello-deutschland.com\/en\/wp-json\/wp\/v2\/pages\/10","targetHints":{"allow":["GET"]}}],"collection":[{"href":"https:\/\/cello-deutschland.com\/en\/wp-json\/wp\/v2\/pages"}],"about":[{"href":"https:\/\/cello-deutschland.com\/en\/wp-json\/wp\/v2\/types\/page"}],"author":[{"embeddable":true,"href":"https:\/\/cello-deutschland.com\/en\/wp-json\/wp\/v2\/users\/1"}],"replies":[{"embeddable":true,"href":"https:\/\/cello-deutschland.com\/en\/wp-json\/wp\/v2\/comments?post=10"}],"version-history":[{"count":36,"href":"https:\/\/cello-deutschland.com\/en\/wp-json\/wp\/v2\/pages\/10\/revisions"}],"predecessor-version":[{"id":912,"href":"https:\/\/cello-deutschland.com\/en\/wp-json\/wp\/v2\/pages\/10\/revisions\/912"}],"wp:attachment":[{"href":"https:\/\/cello-deutschland.com\/en\/wp-json\/wp\/v2\/media?parent=10"}],"curies":[{"name":"wp","href":"https:\/\/api.w.org\/{rel}","templated":true}]}}