{"id":16,"date":"2016-07-22T13:18:00","date_gmt":"2016-07-22T13:18:00","guid":{"rendered":"http:\/\/cello-deutschland.com\/?page_id=16"},"modified":"2023-01-24T10:41:40","modified_gmt":"2023-01-24T09:41:40","slug":"mieten","status":"publish","type":"page","link":"https:\/\/cello-deutschland.com\/en\/mieten\/","title":{"rendered":"Rent"},"content":{"rendered":"\n<h1 class=\"wp-block-heading\"><span lang=\"en\"><span title=\"Mietpreise (Euro, inklusive 19% Mehrwertsteuer)\">Lease and Play: Trial Period For You and Your Cello:<\/span><\/span><\/h1>\n\n\n\n<p><span lang=\"en\"><span title=\"Mietpreise (Euro, inklusive 19% Mehrwertsteuer)\">Are you considering whether you want to make your dream come true and play a stringed instrument?&nbsp; Would you like to fulfill someone else\u2019s wish? If you\u2019re not quite sure, you can lease an instrument (bow and case included) from me.&nbsp; You can return the set at any time or trade it in for another instrument of different size or price range.&nbsp; The lease price is based upon the respective quality level of the cello, violin, viola, or contrabass. You may, at any time during the three-year lease period, buy the instrument and I will credit the amount already paid through lease to the purchase price of that or another instrument. Interested?&nbsp; As my gift to you, a new cake of premium rosin will be included.<\/span><\/span><\/p>\n\n\n\n<h2 class=\"wp-block-heading\"><span lang=\"en\"><span title=\"Mietpreise (Euro, inklusive 19% Mehrwertsteuer)\">Violoncelli:<\/span><\/span><\/h2>\n\n\n\n<p><span lang=\"en\"><span title=\"Mietpreise (Euro, inklusive 19% Mehrwertsteuer)\">1\/32 (children\u2019s size) through 4\/4 (full size). The lease price is computed on the basis of a complete cello set (instrument, bow, and case).\u00a0 All cellos are made of solid wood. Regardless of price, all instruments are optimally tuned and have the best possible tone for their level of quality. Each bow respectively matches the level of each instrument.<\/span><\/span><br> <span title=\"F\u00fcr Instrumente, deren Verkaufspreis (inklusive Mehrwertsteuer) \u00fcber 2500,00 Euro liegt, betr\u00e4gt der Mietpreis ein Prozent des Wertes pro Monat.\">For instruments whose retail price (tax included) is more than 3.500 euros, the rental fee will be calculated at one percent of the price of the instrument per month.<\/span><\/p>\n\n\n\n<figure class=\"wp-block-table\"><table><thead><tr><td>Price from<\/td><td>Rent per month<\/td><td>Quality level<\/td><\/tr><\/thead><tbody><tr><td>3.500,00<\/td><td>35,00<\/td><td>amature level, good quality<\/td><\/tr><tr><td>4.000,00<\/td><td>40,00<\/td><td>amature level, superior&nbsp;quality<\/td><\/tr><\/tbody><\/table><\/figure>\n\n\n\n<p><span lang=\"en\"> <strong><span title=\"Ich biete auch Geigen, Bratschen und Kontrab\u00e4sse zur Miete an.\">I also offer violins and violas for lease.\u00a0<\/span><\/strong><\/span><\/p>\n\n\n\n<h2 class=\"wp-block-heading\"><span lang=\"en\"><span title=\"Geigen und Bratschen\">Violins:<\/span><\/span><\/h2>\n\n\n\n<p><span lang=\"en\"><span title=\"Geigen und Bratschen\">1\/16 (children\u2019s size) through 4\/4 (full size).&nbsp; The lease price is computed on the basis of a complete violin or viola set (instrument, bow, and case).&nbsp; Regardless of price, all instruments are optimally&nbsp;set up&nbsp;and have the best possible tone for their level of quality. Each bow respectively matches the level of each instrument.<\/span><\/span><\/p>\n\n\n\n<figure class=\"wp-block-table\"><table><thead><tr><td>Price&nbsp;until<\/td><td>to Rent per month<\/td><td>Quality level<\/td><\/tr><\/thead><tbody><tr><td>690.00<\/td><td>15.00<\/td><td>amature level, beginner quality<\/td><\/tr><tr><td>89<span title=\"1250,00 20,00 Sch\u00fcler- und Hobbyniveau, gute Qualit\u00e4t\">0.00<\/span><\/td><td>18.00<\/td><td>amature level, good quality<\/td><\/tr><tr><td>1.290.00<\/td><td>20.00<\/td><td>amature level, superior&nbsp;quality<\/td><\/tr><\/tbody><\/table><\/figure>\n\n\n\n<p><span title=\"F\u00fcr Instrumente, deren Verkaufspreis (inklusive Mehrwertsteuer) \u00fcber 1500,00 Euro liegt, betr\u00e4gt der Mietpreis ein Prozent des Wertes pro Monat.\">For instruments whose retail price (tax included) is more than 1,290 euros, the rental fee will be calculated at one percent of the price of the instrument per month.<\/span><\/p>\n\n\n\n<h2 class=\"wp-block-heading\"><span title=\"Kontrab\u00e4sse\"><span lang=\"en\">Violas:<\/span><\/span><\/h2>\n\n\n\n<p><span title=\"Kontrab\u00e4sse\"><span lang=\"en\">(full size). A single instrument (with case) or a complete set (instrument, bow, and case) can be rented. For information on availability and price, please contact me by telephone or email. <\/span><\/span><\/p>\n\n\n\n<h2 class=\"wp-block-heading\"><span lang=\"en\"><span title=\"Mietbedingungen (Auszug aus dem Mietvertrag)\">Lease Conditions (excerpt from the lease):<\/span><\/span><\/h2>\n\n\n\n<p><span lang=\"en\"><span title=\"Mietbedingungen (Auszug aus dem Mietvertrag)\">The minimum rental period is one month. The return of the instrument is possible at any time. &nbsp;With its return before the end of the current month without a further lease agreement of a different instrument, the current month will be charged in full. During the entire term of the lease, the leaseholder is fully responsible for any damage and resulting repairs to the leased property, as well as for its loss.<\/span><\/span><\/p>\n","protected":false},"excerpt":{"rendered":"<p>Lease and Play: Trial Period For You and Your Cello: Are you considering whether you want to make your dream come true and play a stringed instrument?&nbsp; Would you like to fulfill someone else\u2019s wish? If you\u2019re not quite sure, you can lease an instrument (bow and case included) from me.&nbsp; You can return the [&hellip;]<\/p>\n","protected":false},"author":1,"featured_media":0,"parent":0,"menu_order":0,"comment_status":"closed","ping_status":"closed","template":"","meta":{"footnotes":""},"class_list":["post-16","page","type-page","status-publish","hentry"],"translation":{"provider":"WPGlobus","version":"3.0.2","language":"en","enabled_languages":["de","en"],"languages":{"de":{"title":true,"content":true,"excerpt":false},"en":{"title":true,"content":true,"excerpt":false}}},"_links":{"self":[{"href":"https:\/\/cello-deutschland.com\/en\/wp-json\/wp\/v2\/pages\/16","targetHints":{"allow":["GET"]}}],"collection":[{"href":"https:\/\/cello-deutschland.com\/en\/wp-json\/wp\/v2\/pages"}],"about":[{"href":"https:\/\/cello-deutschland.com\/en\/wp-json\/wp\/v2\/types\/page"}],"author":[{"embeddable":true,"href":"https:\/\/cello-deutschland.com\/en\/wp-json\/wp\/v2\/users\/1"}],"replies":[{"embeddable":true,"href":"https:\/\/cello-deutschland.com\/en\/wp-json\/wp\/v2\/comments?post=16"}],"version-history":[{"count":26,"href":"https:\/\/cello-deutschland.com\/en\/wp-json\/wp\/v2\/pages\/16\/revisions"}],"predecessor-version":[{"id":1151,"href":"https:\/\/cello-deutschland.com\/en\/wp-json\/wp\/v2\/pages\/16\/revisions\/1151"}],"wp:attachment":[{"href":"https:\/\/cello-deutschland.com\/en\/wp-json\/wp\/v2\/media?parent=16"}],"curies":[{"name":"wp","href":"https:\/\/api.w.org\/{rel}","templated":true}]}}