{"id":364,"date":"2016-10-14T10:04:50","date_gmt":"2016-10-14T08:04:50","guid":{"rendered":"http:\/\/cello-deutschland.com\/?page_id=364"},"modified":"2020-04-16T11:24:11","modified_gmt":"2020-04-16T09:24:11","slug":"agb","status":"publish","type":"page","link":"https:\/\/cello-deutschland.com\/en\/agb\/","title":{"rendered":"Terms and conditions"},"content":{"rendered":"\n<h1 class=\"wp-block-heading\">Allgemeine Gesch\u00e4ftsbedingungen<\/h1>\n\n\n\n<h2 class=\"wp-block-heading\">1. Allgemeine Bestimmungen<\/h2>\n\n\n\n<p>1.1. Die nachfolgenden Allgemeinen Gesch\u00e4ftsbedingungen gelten f\u00fcr s\u00e4mtliche Gesch\u00e4ftsbeziehungen zwischen Herrn Thorsten Theis, Elbachstr. 1 in 51580 Reichshof-Odenspiel (im Folgenden: CELLODOC) und dem Kunden. Alle Leistungen, die CELLODOC im Rahmen einer bestehenden Vertragsbeziehung erbringt, erfolgen demgem\u00e4\u00df auf der Grundlage dieser Vertragsbestimmungen.<\/p>\n\n\n\n<p>1.2. Kunden im Sinne der hier vorliegenden AGB sind sowohl Verbraucher als auch Unternehmer.<\/p>\n\n\n\n<p>1.2.1. Als Verbraucher anzusehen ist jede nat\u00fcrliche Person, mit der in Gesch\u00e4ftsbeziehung getreten wird und die zu einem Zweck handelt, der weder ihrer gewerblichen noch selbst\u00e4ndigen beruflichen T\u00e4tigkeit zuzurechnen ist.<\/p>\n\n\n\n<p>1.2.2. Unternehmer ist jede nat\u00fcrliche oder juristische Person oder rechtsf\u00e4hige Personengesellschaft, mit der in Gesch\u00e4ftsbeziehung getreten wird und die in Aus\u00fcbung einer gewerblichen oder selbst\u00e4ndigen beruflichen T\u00e4tigkeit handelt.<\/p>\n\n\n\n<h2 class=\"wp-block-heading\">2. Vertragsschluss<\/h2>\n\n\n\n<p>Je nach Angebotsformat richtet sich das Zustandekommen des Vertrages nach den im Folgenden aufgef\u00fchrten Bestimmungen.<\/p>\n\n\n\n<p>2.1. Wird ein Artikel im Rahmen einer sog. Online-Auktion eingestellt, liegt in der Freischaltung der Angebotsseite auf eBay das verbindliche Angebot zum Abschluss eines Kaufvertrages. Dieses richtet sich an den Kunden, der w\u00e4hrend der Laufzeit der Online-Auktion das h\u00f6chste Gebot abgibt und etwaige zus\u00e4tzlich festgelegte Bedingungen erf\u00fcllt. Das Angebot kann w\u00e4hrend der individuell bestimmten Laufzeit der Online-Auktion angenommen werden \u2013 dies ausschlie\u00dflich \u00fcber die auf der Handelsplattform von eBay zur Verf\u00fcgung gestellte Bietfunktion. Der Kunde nimmt das Angebot durch Abgabe eines Gebots an. Das Gebot erlischt, wenn ein Dritter w\u00e4hrend der Laufzeit der Online-Auktion ein h\u00f6heres Gebot abgibt. Ma\u00dfgeblich f\u00fcr die Messung der Laufzeit der Online-Auktion ist dabei die offizielle eBay-Zeit. Mit dem Ende der jeweils bestimmten Laufzeit einer Online-Auktion oder im Fall der vorzeitigen Beendigung dieser kommt mit dem bis dahin das h\u00f6chste Gebot abgebenden Kunden der Vertrag zustande \u2013 es sei denn, ein im Zusammenhang mit dem Angebot hinterlegter Mindestpreis (sog. Reserve-Price) wurde nicht erreicht.<\/p>\n\n\n\n<p>2.2. Wird ein Artikel im Rahmen einer sog. Online-Auktion eingestellt und zudem mit einer Festpreis-Funktion (\u201eSofort-Kaufen\u201c bzw. \u201eSofort &amp; Neu\u201c) versehen, kommt der Vertrag mit dem Kunden unabh\u00e4ngig vom Ablauf der Laufzeit und ohne Durchf\u00fchrung einer Online-Auktion unmittelbar zu dem angegebenen Festpreis zustande, wenn der Kunde die Festpreis-Option aus\u00fcbt und etwaig zus\u00e4tzlich festgelegte Bedingungen im Angebot erf\u00fcllt. Der Abschluss des Vertrages zum angegebenen Festpreis ist in diesem Fall solange m\u00f6glich, wie noch kein Gebot f\u00fcr die sog. Online-Auktion abgegeben wurde. Ist im Zusammenhang mit dem Angebot ein Mindestpreis (sog. Reserve-Price) hinterlegt, bleibt der Vertragsschluss abweichend davon auch noch nach Abgabe eines Gebotes f\u00fcr die sog. Online-Auktion m\u00f6glich, bis der Mindestpreis erreicht oder \u00fcberschritten wurde.<\/p>\n\n\n\n<p>2.3. Wird ein Artikel ausschlie\u00dflich unter dem Festpreis-Format eingestellt, liegt in der Freischaltung der Angebotsseite auf eBay das verbindliche Angebot zum Abschluss eines Kaufvertrages zu dem angegebenen Preis. Der Vertrag mit dem Kunden kommt dann zustande, sobald der Kunde die etwaig in dem Angebot enthaltenen Bedingungen erf\u00fcllt und die Festpreis-Funktion (\u201eSofort-Kaufen\u201c bzw. \u201eSofort &amp; Neu\u201c) aus\u00fcbt.<\/p>\n\n\n\n<p>2.4. Wird ein Artikel ausschlie\u00dflich mit Festpreis eingestellt, liegt in der Freischaltung dieses Angebotes auf dieser Internetseite das verbindliche Angebot zum Abschluss eines Kaufvertrages zu dem angegebenen Preis. Der Vertrag mit dem Kunden kommt dann zustande, sobald der Kunde die etwaig in dem Angebot enthaltenen Bedingungen erf\u00fcllt und die Festpreis-Funktion aus\u00fcbt.<\/p>\n\n\n\n<h2 class=\"wp-block-heading\">3. Preise und Zahlungsbedingungen<\/h2>\n\n\n\n<p>3.1. Die in den Angeboten angef\u00fchrten Preise sind Endpreise und beinhalten s\u00e4mtliche Preisbestandteile einschlie\u00dflich etwaig anfallender Steuern. Die Preise verstehen sich jedoch ohne Verpackung, Fracht, Porto und Versicherung; deren jeweilige H\u00f6he ist der Artikelbeschreibung zu entnehmen<\/p>\n\n\n\n<p>3.2. Im Fall grenz\u00fcberschreitender Lieferungen k\u00f6nnen im Einzelfall weitere Steuern (z.B. im Falle eines innergemeinschaftlichen Erwerbs) und \/ oder Abgaben (z.B. Z\u00f6lle) vom Kunden zu zahlen sein.<\/p>\n\n\n\n<p>3.3. Der Kunde verpflichtet sich, alle Betr\u00e4ge innerhalb von 10 (in Worten: zehn) Tagen nach Erhalt der Zahlungsaufforderung ohne Abzug zu zahlen. Nach erfolglosem Ablauf der Frist kommt der Kunde ohne weitere Erkl\u00e4rung seitens CELLODOC in (Zahlungs-) Verzug.<\/p>\n\n\n\n<p>3.4. Ein Recht zur Aufrechnung steht dem Kunden nur zu, wenn seine Gegenanspr\u00fcche rechtskr\u00e4ftig festgestellt wurden oder durch CELLODOC anerkannt wurden.<br>\n3.5. Ein Zur\u00fcckbehaltungsrecht kann der Kunde nur aus\u00fcben, wenn sein Gegenanspruch auf demselben Vertragsverh\u00e4ltnis beruht.<\/p>\n\n\n\n<h2 class=\"wp-block-heading\">4. Lieferung und Versand<\/h2>\n\n\n\n<p>4.1. Die Lieferung der Artikel erfolgt regelm\u00e4\u00dfig auf dem Versandwege und gegen Vorauskasse oder gegen Nachnahme. Der Kunde hat daher den Kaufpreis zzgl. der Liefer- und Versandkosten vorab zu bezahlen oder bei Empfang der Lieferung zu begleichen.<\/p>\n\n\n\n<p>4.2. Eine Auslieferung der Ware erfolgt in der Regel binnen eines Werktages nach Zahlungseingang.<\/p>\n\n\n\n<p>4.3. Der Versand erfolgt, soweit nicht anders vereinbart, durch den Paketdienst von United Parcel Service Express (UPS-Express).<\/p>\n\n\n\n<h2 class=\"wp-block-heading\">5. Eigentumsvorbehalt<\/h2>\n\n\n\n<p>5.1. Gegen\u00fcber Verbrauchern beh\u00e4lt sich CELLODOC das Eigentum an verkauften Sachen bis zur vollst\u00e4ndigen Zahlung des Kaufpreises zzgl. etwaiger Liefer- und Versandkosten vor; gegen\u00fcber Unternehmern bleibt das Eigentum bis zur vollst\u00e4ndigen Begleichung aller Forderungen aus der laufenden Gesch\u00e4ftsbeziehung vorbehalten (Vorbehaltsware).<\/p>\n\n\n\n<p>5.2. Der Kunde ist verpflichtet, Vorbehaltsware pfleglich zu behandeln.<\/p>\n\n\n\n<p>5.3. W\u00e4hrend des Eigentumsvorbehalts ist der Kunde verpflichtet, CELLODOC einen Zugriff Dritter auf die Vorbehaltsware \u2013 z.B. im Falle einer Pf\u00e4ndung \u2013 sowie etwaige Besch\u00e4digungen oder die Vernichtung der Ware unverz\u00fcglich mitzuteilen und alle Ausk\u00fcnfte und Unterlagen zur Verf\u00fcgung zu stellen, die zur Wahrung der Rechte des Eigent\u00fcmers erforderlich sind.<\/p>\n\n\n\n<p>5.4. Bei vertragswidrigem Verhalten des Kunden \u2013 insbesondere bei Zahlungsverzug oder im Fall der Verletzung einer Pflicht nach Ziffer 5.2. und 5.3. \u2013 ist CELLODOC berechtigt, vom Vertrag zur\u00fcckzutreten und die Vorbehaltsware heraus zu verlangen.<\/p>\n\n\n\n<h2 class=\"wp-block-heading\">6. Widerrufsbelehrung<\/h2>\n\n\n\n<p>6.1. Verbraucher k\u00f6nnen ihre Vertragserkl\u00e4rung innerhalb von einem Monat ohne Angabe von Gr\u00fcnden in Textform (z.B. Brief, Fax, E-Mail) oder durch R\u00fccksendung der Sache widerrufen. Die Frist beginnt mit dem Zeitpunkt, zu dem die Widerrufsbelehrung in Textform mitgeteilt worden ist, jedoch nicht vor Eingang der Ware beim Verbraucher und auch nicht vor Erf\u00fcllung der unternehmerischen Informationspflichten gem\u00e4\u00df \u00a7 312 c Abs. 2 BGB in Verbindung mit \u00a7 1 Abs. 1, 2 und 4 BGB-InfoV sowie der unternehmerischen Pflichten gem\u00e4\u00df \u00a7 312 e Abs. 1 Satz 1 BGB in Verbindung mit \u00a7 3 BGB-InfoV. Bei der Berechnung der Frist wird der danach ma\u00dfgebliche Tag, zu dem die Widerrufsbelehrung in Textform mitgeteilt worden ist bzw. der Tag des Eingangs der Ware beim Verbraucher bzw. der Tag der Erf\u00fcllung der benannten Informationspflichten nicht mitgerechnet.<\/p>\n\n\n\n<p>6.2. Zur Wahrung der Widerrufsfrist gen\u00fcgt die rechtzeitige Absendung des Widerrufs oder der Sache. Der Widerruf ist zu richten an: Herr Thorsten Theis Elbachstra\u00dfe 1 51580 Reichshof-Odenspiel \/ Deutschland Fax: +49(0) 2297 \u2013 90 94 08 E-Mail: mail@geigenhandel.com<\/p>\n\n\n\n<p>6.3. Im Falle eines wirksamen Widerrufs sind die beiderseits empfangenen Leistungen zur\u00fcckzugew\u00e4hren und ggf. gezogene Nutzungen (z.B. Gebrauchsvorteile, Zinsen) herauszugeben. K\u00f6nnen Verbraucher die empfangene Leistung ganz oder teilweise nicht oder nur in verschlechtertem Zustand zur\u00fcckgew\u00e4hren, m\u00fcssen sie insoweit ggf. Wertersatz leisten. Bei der \u00dcberlassung von Sachen gilt dies nicht, wenn die Verschlechterung der Sache ausschlie\u00dflich auf deren Pr\u00fcfung \u2013 wie sie etwa im Ladengesch\u00e4ft m\u00f6glich gewesen w\u00e4re \u2013 zur\u00fcckzuf\u00fchren ist. F\u00fcr eine durch die bestimmungsgem\u00e4\u00dfe Ingebrauchnahme der Sache entstandene Verschlechterung m\u00fcssen Verbraucher keinen Wertersatz leisten.<\/p>\n\n\n\n<p>6.4. Paketversandf\u00e4hige Sachen sind auf Gefahr von Thorsten Theis zur\u00fcckzusenden. Verbraucher haben die Kosten der R\u00fccksendung zu tragen, wenn die gelieferte Ware der bestellten entspricht und wenn der Preis der zur\u00fcckzusendenden Sache einen Betrag von EUR 40,00 nicht \u00fcbersteigt oder wenn Verbraucher bei einem h\u00f6heren Preis der Sache zum Zeitpunkt des<br>\nAllgemeine Gesch\u00e4ftsbedingungen<br>\nWiderrufs noch nicht die Gegenleistung oder eine vertraglich vereinbarte Teilzahlung erbracht haben. Anderenfalls ist die R\u00fccksendung f\u00fcr Verbraucher kostenfrei. Nicht paketversandf\u00e4hige Sachen werden bei Verbrauchern abgeholt. Verpflichtungen zur Erstattung von Zahlungen m\u00fcssen innerhalb von 30 Tagen erf\u00fcllt werden; dabei beginnt die Frist im Hinblick auf die Erstattungsverpflichtung von Thorsten Theis mit Zugang der Widerrufserkl\u00e4rung oder im Fall der R\u00fccksendung mit Zugang der Ware.<\/p>\n\n\n\n<h2 class=\"wp-block-heading\">7. Schadensanzeige gegen\u00fcber Transportunternehmen<\/h2>\n\n\n\n<p>7.1. Der Kunde wird die gelieferte Ware \u00fcberpr\u00fcfen. Im Fall \u00e4u\u00dferlich erkennbarer Transportsch\u00e4den verpflichtet sich der Kunde, diese auf den jeweiligen Versandpapieren zu vermerken und vom Zusteller quittieren zu lassen. Die Verpackung ist aufzubewahren.<\/p>\n\n\n\n<p>7.2. Ist der (teilweise) Verlust oder die Besch\u00e4digung \u00e4u\u00dferlich nicht erkennbar, hat der Kunde dies innerhalb von 5 (in Worten: f\u00fcnf) Tagen nach Ablieferung gegen\u00fcber CELLODOC oder aber zumindest binnen 7 (in Worten: sieben) Tagen nach Ablieferung gegen\u00fcber dem Transportunternehmen anzuzeigen, um zu gew\u00e4hren, dass etwaige Anspr\u00fcche gegen\u00fcber dem Transportunternehmen rechtzeitig geltend gemacht werden.<\/p>\n\n\n\n<p>7.3. Der Kunde wird CELLODOC nach besten Kr\u00e4ften unterst\u00fctzen, soweit Anspr\u00fcche gegen\u00fcber dem betreffenden Transportunternehmen bzw. einer Transportversicherung geltend gemacht werden.<\/p>\n\n\n\n<p>7.4. Etwaige Rechte und Anspr\u00fcche des Kunden werden hierdurch nicht ber\u00fchrt.<\/p>\n\n\n\n<h2 class=\"wp-block-heading\">8. Gew\u00e4hrleistungsbestimmungen<\/h2>\n\n\n\n<p>Etwaige Artikelanfragen und \/ oder Beanstandungen sind an CELLODOC \u00fcber die oben angef\u00fchrten Kontaktdaten zu richten. Im \u00dcbrigen gelten die nachstehenden Gew\u00e4hrleistungsbestimmungen.<\/p>\n\n\n\n<p>8.1. Keine Gew\u00e4hrleistung besteht im Fall von Sch\u00e4den, die durch eine unsachgem\u00e4\u00dfe Verwendung bzw. Behandlung oder mangelhafte Pflege entstanden sind; das Gleiche gilt f\u00fcr einen so genannten gewollten Verschlei\u00df.<\/p>\n\n\n\n<p>8.1.1. Es wird empfohlen, Instrumente nach dem Spiel mit einem trockenen Staubtuch abzuwischen, um so zu verhindern, dass sich klebriger Kolophoniumstaub festsetzt kann.<\/p>\n\n\n\n<p>8.1.2. Die Aufbewahrung der Instrumente sollte im Etui oder Koffer erfolgen. Die Lagerung von Instrumenten in direkter N\u00e4he zu Hitzequellen \u2013 v. a. neben oder an einer Heizung \u2013ist zu vermeiden.<\/p>\n\n\n\n<p>8.1.3. Die Aufbewahrung im Etui, bzw. Koffer ist ratsam.<\/p>\n\n\n\n<p>8.2. Den gesetzlichen Vorgaben entsprechend hat der Kunde bei M\u00e4ngeln der gelieferten Sache grunds\u00e4tzlich zun\u00e4chst nur einen Anspruch auf Nacherf\u00fcllung.<\/p>\n\n\n\n<p>8.2.1. Gegen\u00fcber Unternehmern leistet CELLODOC f\u00fcr M\u00e4ngel der Ware nach eigener Wahl Gew\u00e4hr durch Nachbesserung (Reparatur) oder Ersatzlieferung.<\/p>\n\n\n\n<p>8.2.2. Verbraucher indes haben die Wahl, ob die Nacherf\u00fcllung entweder durch Nachbesserung oder Ersatzlieferung erfolgen soll, sofern letzteres m\u00f6glich ist. In jedem Fall aber bleibt CELLODOC berechtigt, die Art der gew\u00e4hlten Nacherf\u00fcllung zu verweigern, wenn sie nur mit unverh\u00e4ltnism\u00e4\u00dfigen Kosten m\u00f6glich ist und die andere Art der Nacherf\u00fcllung ohne erhebliche Nachteile f\u00fcr den Verbraucher bleibt.<\/p>\n\n\n\n<p>8.3.Ein vorliegender Mangel darf durch den Kunden nicht im Wege der so genannten Selbstvornahme unmittelbar selbst oder durch Dritte ohne die Zustimmung von CELLODOC beseitigt werden; etwaig daf\u00fcr angefallene Aufwendungen werden nicht erstattet.<\/p>\n\n\n\n<p>8.4. Ist die Nacherf\u00fcllung fehlgeschlagen, kann der Kunde nach Ma\u00dfgabe der gesetzlichen Vorgaben die Verg\u00fctung herabsetzen (Minderung), den Vertrag r\u00fcckg\u00e4ngig machen (R\u00fccktritt), Schadensersatz oder Ersatz vergeblicher Aufwendungen verlangen. W\u00e4hlt der Kunde Schadensersatz oder macht er vergebliche Aufwendungen geltend, gelten die Haftungsbeschr\u00e4nkungen nach Ziffer 9 dieser AGB.<\/p>\n\n\n\n<p>8.5. Gebrauchte Sachen k\u00f6nnen alterstypische Abnutzungs- und Verschlei\u00dferscheinungen aufweisen, die grunds\u00e4tzlich keinen Mangel begr\u00fcnden. Dar\u00fcber hinaus sind gegen\u00fcber Unternehmern beim Verkauf gebrauchter Sachen die Anspr\u00fcche und Rechte wegen M\u00e4ngeln \u2013 gleich aus welchem Rechtsgrund \u2013 ausgeschlossen. Das gilt auch f\u00fcr M\u00e4ngel, die nach Vertragsschluss und vor Gefahren\u00fcbergang entstanden sind. Allerdings gilt dieser Gew\u00e4hrleistungsausschluss nicht, soweit CELLODOC nach Ziffer 9 dieser AGB haftet oder es um das dingliche Recht eines Dritten geht, aufgrund dessen die Herausgabe des Liefergegenstandes verlangt werden kann.<\/p>\n\n\n\n<p>8.6. Bei neuen Sachen betr\u00e4gt die Verj\u00e4hrungsfrist f\u00fcr die Rechte eines Verbrauchers bei M\u00e4ngeln zwei Jahre, f\u00fcr die Rechte eines Unternehmers ein Jahr ab Ablieferung der Ware. Bei gebrauchten Sachen betr\u00e4gt die Verj\u00e4hrungsfrist f\u00fcr die M\u00e4ngelanspr\u00fcche des Kunden ein Jahr ab Ablieferung, es sei denn, die M\u00e4ngelanspr\u00fcche des Kunden sind ausgeschlossen (8.5.).<\/p>\n\n\n\n<p>Mit diesen Fristen verbundene Verj\u00e4hrungserleichterungen gelten nicht, soweit CELLODOC nach Ziffer 9 dieser AGB haftet oder es um das dingliche Recht eines Dritten geht, aufgrund dessen die Herausgabe des Liefergegenstandes verlangt werden kann.<\/p>\n\n\n\n<p>8.7. Unternehmer haben offensichtliche M\u00e4ngel innerhalb einer Frist von 14 (in Worten: vierzehn Tagen ab Empfang der Ware schriftlich gegen\u00fcber CELLODOC anzeigen. Kommt er dem nicht nach, ist die Geltendmachung von Gew\u00e4hrleistungsanspr\u00fcchen ausgeschlossen. Zur Fristwahrung reicht die rechtzeitige Absendung der Mangelanzeige aus.<\/p>\n\n\n\n<h2 class=\"wp-block-heading\">9. Haftungsbestimmungen<\/h2>\n\n\n\n<p>9.1. Nach den gesetzlichen Bestimmungen haftet CELLODOC uneingeschr\u00e4nkt f\u00fcr Sch\u00e4den aus der Verletzung des Lebens, des K\u00f6rpers oder der Gesundheit, die auf einer vors\u00e4tzlichen oder fahrl\u00e4ssigen Pflichtverletzung beruhen sowie f\u00fcr sonstige Sch\u00e4den, die auf einer vors\u00e4tzlichen oder grob fahrl\u00e4ssigen Pflichtverletzung sowie Arglist beruhen. Dar\u00fcber hinaus haftet CELLODOC uneingeschr\u00e4nkt f\u00fcr Sch\u00e4den, die von der Haftung nach zwingenden gesetzlichen Vorschriften, wie etwa dem ProduktHaftungsGesetz, umfasst werden.<\/p>\n\n\n\n<p>9.2. F\u00fcr Sch\u00e4den, die durch einfache oder leichte Fahrl\u00e4ssigkeit verursacht werden, haftet CELLODOC, soweit diese Fahrl\u00e4ssigkeit die Verletzung solcher Vertragspflichten betrifft, deren Einhaltung f\u00fcr die Erreichung des Vertragszwecks von besonderer Bedeutung ist (Kardinalpflichten). Dabei beschr\u00e4nkt sich die Haftung von CELLODOC auf den vorhersehbaren, vertragstypischen, unmittelbaren Durchschnittsschaden.<\/p>\n\n\n\n<p>9.3. Im Falle (einfacher oder leicht) fahrl\u00e4ssiger Verletzungen von unwesentlichen Vertragspflichten haftet CELLODOC gegen\u00fcber Verbrauchern, dies jedoch begrenzt auf den vorhersehbaren, vertragstypischen, unmittelbaren Durchschnittsschaden.<\/p>\n\n\n\n<p>9.4. Eine weitergehende Haftung ist \u2013 ohne R\u00fccksicht auf die Rechtsnatur des geltend gemachten Anspruchs \u2013 ausgeschlossen.<\/p>\n\n\n\n<h2 class=\"wp-block-heading\">10. Schlussbestimmungen<\/h2>\n\n\n\n<p>10.1. Es gilt das Recht der Bundesrepublik Deutschland (BRD). Bei Verbrauchern, die den Vertrag nicht zu beruflichen oder gewerblichen Zwecken abschlie\u00dfen, gilt diese Rechtswahl nur insoweit, als nicht der gew\u00e4hrte Schutz durch zwingende Bestimmungen des Rechts des Staates, in dem der Verbraucher seinen gew\u00f6hnlichen Aufenthalt hat, entzogen wird.<\/p>\n\n\n\n<p>10.2. Die Bestimmungen des CISG (= \u00dcbereinkommens der Vereinten Nationen \u00fcber Vertr\u00e4ge \u00fcber den internationalen Warenkauf bzw. UN-Kaufrecht) finden keine Anwendung.<\/p>\n\n\n\n<p>10.3. Hat der Kunde keinen allgemeinen Gerichtsstand in Deutschland oder sind der Wohnsitz oder der gew\u00f6hnlicher Aufenthalt im Zeitpunkt der Klageerhebung nicht bekannt, ist ausschlie\u00dflicher Gerichtsstand f\u00fcr alle Streitigkeiten aus diesem Vertrag ebenso der Gesch\u00e4ftssitz von CELLODOC. Die Befugnis, auch das Gericht an einem anderen gesetzlichen Gerichtsstand anzurufen bleibt hiervon unber\u00fchrt.<\/p>\n","protected":false},"excerpt":{"rendered":"<p>Allgemeine Gesch\u00e4ftsbedingungen 1. Allgemeine Bestimmungen 1.1. Die nachfolgenden Allgemeinen Gesch\u00e4ftsbedingungen gelten f\u00fcr s\u00e4mtliche Gesch\u00e4ftsbeziehungen zwischen Herrn Thorsten Theis, Elbachstr. 1 in 51580 Reichshof-Odenspiel (im Folgenden: CELLODOC) und dem Kunden. Alle Leistungen, die CELLODOC im Rahmen einer bestehenden Vertragsbeziehung erbringt, erfolgen demgem\u00e4\u00df auf der Grundlage dieser Vertragsbestimmungen. 1.2. Kunden im Sinne der hier vorliegenden AGB sind [&hellip;]<\/p>\n","protected":false},"author":1,"featured_media":0,"parent":0,"menu_order":0,"comment_status":"closed","ping_status":"closed","template":"","meta":{"footnotes":""},"class_list":["post-364","page","type-page","status-publish","hentry"],"translation":{"provider":"WPGlobus","version":"3.0.2","language":"en","enabled_languages":["de","en"],"languages":{"de":{"title":true,"content":true,"excerpt":false},"en":{"title":true,"content":true,"excerpt":false}}},"_links":{"self":[{"href":"https:\/\/cello-deutschland.com\/en\/wp-json\/wp\/v2\/pages\/364","targetHints":{"allow":["GET"]}}],"collection":[{"href":"https:\/\/cello-deutschland.com\/en\/wp-json\/wp\/v2\/pages"}],"about":[{"href":"https:\/\/cello-deutschland.com\/en\/wp-json\/wp\/v2\/types\/page"}],"author":[{"embeddable":true,"href":"https:\/\/cello-deutschland.com\/en\/wp-json\/wp\/v2\/users\/1"}],"replies":[{"embeddable":true,"href":"https:\/\/cello-deutschland.com\/en\/wp-json\/wp\/v2\/comments?post=364"}],"version-history":[{"count":3,"href":"https:\/\/cello-deutschland.com\/en\/wp-json\/wp\/v2\/pages\/364\/revisions"}],"predecessor-version":[{"id":892,"href":"https:\/\/cello-deutschland.com\/en\/wp-json\/wp\/v2\/pages\/364\/revisions\/892"}],"wp:attachment":[{"href":"https:\/\/cello-deutschland.com\/en\/wp-json\/wp\/v2\/media?parent=364"}],"curies":[{"name":"wp","href":"https:\/\/api.w.org\/{rel}","templated":true}]}}